{"id":11,"date":"2020-07-14T08:44:41","date_gmt":"2020-07-14T08:44:41","guid":{"rendered":"https:\/\/gzdivine.com_el\/?page_id=11"},"modified":"2025-01-14T01:51:23","modified_gmt":"2025-01-14T01:51:23","slug":"about-us","status":"publish","type":"page","link":"https:\/\/gzdivine.com\/es\/about-us\/","title":{"rendered":"Sobre nosotros"},"content":{"rendered":"<p class=\"has-black-color has-text-color has-link-color has-medium-font-size wp-elements-85b9b59826efd188022721ab09a1a036\">Bienvenido a <strong>Tecnolog\u00eda divina de Guangzhou<\/strong>, donde la innovaci\u00f3n se encuentra con la excelencia.<\/p>\n\n\n\n<p class=\"has-medium-font-size\">Somos pioneros en el campo de las m\u00e1quinas de premios y los equipos inteligentes. Desde su creaci\u00f3n en 2017, nos hemos convertido en una empresa de fabricaci\u00f3n integral que integra I+D, producci\u00f3n, ventas y servicio.<\/p>\n\n\n\n<p class=\"has-medium-font-size\">Ubicados en Guangdong, China, nos centramos en producir m\u00e1quinas innovadoras para satisfacer las diversas necesidades de los clientes globales.<\/p>\n\n\n\n<p class=\"has-medium-font-size\">Nuestro equipo de I+D altamente calificado est\u00e1 constantemente superando los l\u00edmites de la creatividad y la tecnolog\u00eda para garantizar que nuestros productos le brinden incre\u00edbles beneficios.<\/p>\n\n\n\n<p class=\"has-medium-font-size\"><strong>\u00a1\u00danase a nosotros! Construyamos juntos el futuro de las m\u00e1quinas de premios y los equipos inteligentes.<\/strong><\/p>\n\n\n\n<p><\/p>","protected":false},"excerpt":{"rendered":"<p>Bienvenido a Guangzhou Divine Technology, donde la innovaci\u00f3n se fusiona con la excelencia. Somos pioneros en el campo de las m\u00e1quinas de alta gama y los equipos inteligentes. Desde su fundaci\u00f3n en...<span class=\"excerpt-hellip\"> [\u2026]<\/span><\/p>","protected":false},"author":1,"featured_media":0,"parent":0,"menu_order":0,"comment_status":"open","ping_status":"closed","template":"","meta":{"_joinchat":[],"footnotes":""},"class_list":["post-11","page","type-page","status-publish","hentry"],"yoast_head":"<!-- This site is optimized with the Yoast SEO Premium plugin v20.5 (Yoast SEO v26.9) - https:\/\/yoast.com\/product\/yoast-seo-premium-wordpress\/ -->\n<title>About us - Guangzhou Divine Technology Co., Ltd.<\/title>\n<meta name=\"robots\" content=\"index, follow, max-snippet:-1, max-image-preview:large, max-video-preview:-1\" \/>\n<link rel=\"canonical\" href=\"https:\/\/gzdivine.com\/es\/about-us\/\" \/>\n<meta property=\"og:locale\" content=\"es_ES\" \/>\n<meta property=\"og:type\" content=\"article\" \/>\n<meta property=\"og:title\" content=\"About us\" \/>\n<meta property=\"og:description\" content=\"Welcome to Guangzhou Divine Technology, where innovation meets excellence. We are a pioneer in the field of prize machines and Intelligent Equipment. Since its establishment in [\u2026]\" \/>\n<meta property=\"og:url\" content=\"https:\/\/gzdivine.com\/es\/about-us\/\" \/>\n<meta property=\"og:site_name\" content=\"Guangzhou Divine Technology Co., Ltd.\" \/>\n<meta property=\"article:modified_time\" content=\"2025-01-14T01:51:23+00:00\" \/>\n<meta name=\"twitter:card\" content=\"summary_large_image\" \/>\n<meta name=\"twitter:label1\" content=\"Tiempo de lectura\" \/>\n\t<meta name=\"twitter:data1\" content=\"1 minuto\" \/>\n<script type=\"application\/ld+json\" class=\"yoast-schema-graph\">{\"@context\":\"https:\/\/schema.org\",\"@graph\":[{\"@type\":\"WebPage\",\"@id\":\"https:\/\/gzdivine.com\/about-us\/\",\"url\":\"https:\/\/gzdivine.com\/about-us\/\",\"name\":\"About us - Guangzhou Divine Technology Co., Ltd.\",\"isPartOf\":{\"@id\":\"https:\/\/gzdivine.com\/#website\"},\"datePublished\":\"2020-07-14T08:44:41+00:00\",\"dateModified\":\"2025-01-14T01:51:23+00:00\",\"breadcrumb\":{\"@id\":\"https:\/\/gzdivine.com\/about-us\/#breadcrumb\"},\"inLanguage\":\"es\",\"potentialAction\":[{\"@type\":\"ReadAction\",\"target\":[\"https:\/\/gzdivine.com\/about-us\/\"]}]},{\"@type\":\"BreadcrumbList\",\"@id\":\"https:\/\/gzdivine.com\/about-us\/#breadcrumb\",\"itemListElement\":[{\"@type\":\"ListItem\",\"position\":1,\"name\":\"Home\",\"item\":\"https:\/\/gzdivine.com\/\"},{\"@type\":\"ListItem\",\"position\":2,\"name\":\"About us\"}]},{\"@type\":\"WebSite\",\"@id\":\"https:\/\/gzdivine.com\/#website\",\"url\":\"https:\/\/gzdivine.com\/\",\"name\":\"Guangzhou Divine Technology Co., Ltd.\",\"description\":\"Guangzhou Divine Technology Co., Ltd.\",\"potentialAction\":[{\"@type\":\"SearchAction\",\"target\":{\"@type\":\"EntryPoint\",\"urlTemplate\":\"https:\/\/gzdivine.com\/?s={search_term_string}\"},\"query-input\":{\"@type\":\"PropertyValueSpecification\",\"valueRequired\":true,\"valueName\":\"search_term_string\"}}],\"inLanguage\":\"es\"}]}<\/script>\n<!-- \/ Yoast SEO Premium plugin. -->","yoast_head_json":{"title":"About us - Guangzhou Divine Technology Co., Ltd.","robots":{"index":"index","follow":"follow","max-snippet":"max-snippet:-1","max-image-preview":"max-image-preview:large","max-video-preview":"max-video-preview:-1"},"canonical":"https:\/\/gzdivine.com\/es\/about-us\/","og_locale":"es_ES","og_type":"article","og_title":"About us","og_description":"Welcome to Guangzhou Divine Technology, where innovation meets excellence. We are a pioneer in the field of prize machines and Intelligent Equipment. Since its establishment in [\u2026]","og_url":"https:\/\/gzdivine.com\/es\/about-us\/","og_site_name":"Guangzhou Divine Technology Co., Ltd.","article_modified_time":"2025-01-14T01:51:23+00:00","twitter_card":"summary_large_image","twitter_misc":{"Tiempo de lectura":"1 minuto"},"schema":{"@context":"https:\/\/schema.org","@graph":[{"@type":"WebPage","@id":"https:\/\/gzdivine.com\/about-us\/","url":"https:\/\/gzdivine.com\/about-us\/","name":"About us - Guangzhou Divine Technology Co., Ltd.","isPartOf":{"@id":"https:\/\/gzdivine.com\/#website"},"datePublished":"2020-07-14T08:44:41+00:00","dateModified":"2025-01-14T01:51:23+00:00","breadcrumb":{"@id":"https:\/\/gzdivine.com\/about-us\/#breadcrumb"},"inLanguage":"es","potentialAction":[{"@type":"ReadAction","target":["https:\/\/gzdivine.com\/about-us\/"]}]},{"@type":"BreadcrumbList","@id":"https:\/\/gzdivine.com\/about-us\/#breadcrumb","itemListElement":[{"@type":"ListItem","position":1,"name":"Home","item":"https:\/\/gzdivine.com\/"},{"@type":"ListItem","position":2,"name":"About us"}]},{"@type":"WebSite","@id":"https:\/\/gzdivine.com\/#website","url":"https:\/\/gzdivine.com\/","name":"Guangzhou Divine Technology Co., Ltd.","description":"Guangzhou Divine Technology Co., Ltd.","potentialAction":[{"@type":"SearchAction","target":{"@type":"EntryPoint","urlTemplate":"https:\/\/gzdivine.com\/?s={search_term_string}"},"query-input":{"@type":"PropertyValueSpecification","valueRequired":true,"valueName":"search_term_string"}}],"inLanguage":"es"}]}},"_links":{"self":[{"href":"https:\/\/gzdivine.com\/es\/wp-json\/wp\/v2\/pages\/11","targetHints":{"allow":["GET"]}}],"collection":[{"href":"https:\/\/gzdivine.com\/es\/wp-json\/wp\/v2\/pages"}],"about":[{"href":"https:\/\/gzdivine.com\/es\/wp-json\/wp\/v2\/types\/page"}],"author":[{"embeddable":true,"href":"https:\/\/gzdivine.com\/es\/wp-json\/wp\/v2\/users\/1"}],"replies":[{"embeddable":true,"href":"https:\/\/gzdivine.com\/es\/wp-json\/wp\/v2\/comments?post=11"}],"version-history":[{"count":1,"href":"https:\/\/gzdivine.com\/es\/wp-json\/wp\/v2\/pages\/11\/revisions"}],"predecessor-version":[{"id":410,"href":"https:\/\/gzdivine.com\/es\/wp-json\/wp\/v2\/pages\/11\/revisions\/410"}],"wp:attachment":[{"href":"https:\/\/gzdivine.com\/es\/wp-json\/wp\/v2\/media?parent=11"}],"curies":[{"name":"wp","href":"https:\/\/api.w.org\/{rel}","templated":true}]}}