{"id":536,"date":"2024-12-27T07:17:25","date_gmt":"2024-12-27T07:17:25","guid":{"rendered":"https:\/\/gzdivine.com\/?post_type=product&#038;p=536"},"modified":"2025-01-08T03:28:48","modified_gmt":"2025-01-08T03:28:48","slug":"9hole-key-master","status":"publish","type":"product","link":"https:\/\/gzdivine.com\/es\/producto\/9hole-key-master\/","title":{"rendered":"Llave maestra de 9 agujeros"},"content":{"rendered":"<h3><span style=\"color: #000000;\"><strong>Especificaci\u00f3n:<\/strong><\/span><\/h3>\n<h4><span style=\"color: #000000;\">\u00a0 \u00a0 \u00a0 \u00a0Potencia: 150 W<\/span><\/h4>\n<h4><span style=\"color: #000000;\">\u00a0 \u00a0 \u00a0 \u00a0Peso: 100 kg<\/span><\/h4>\n<h4><span style=\"color: #000000;\">\u00a0 \u00a0 \u00a0 \u00a0Tama\u00f1o:An. 600 x Pr. 810 x Al. 1870 mm<\/span><\/h4>","protected":false},"excerpt":{"rendered":"<h3><span style=\"color: #ffffff;\"><strong>Caracter\u00edstica:<\/strong><\/span><\/h3>\n<p><span style=\"color: #ffffff;\">1. La m\u00e1quina de juego Key Master es de desarrollo propio con un rendimiento constante, calcoman\u00edas y programas. Se puede fabricar especialmente para los clientes.<\/span><br \/>\n<span style=\"color: #ffffff;\">2. La m\u00e1quina se controla f\u00e1cilmente con pantalla LCD y mini teclado, funci\u00f3n visual ajustable.<\/span><br \/>\n<span style=\"color: #ffffff;\">3. La tasa de pago de premios para cada partici\u00f3n es ajustable.<\/span><br \/>\n<span style=\"color: #ffffff;\">4.Soporte ODM\/OEM.<\/span><\/p>","protected":false},"featured_media":540,"comment_status":"open","ping_status":"closed","template":"","meta":{"_joinchat":[]},"product_brand":[],"product_cat":[36],"product_tag":[],"class_list":{"0":"post-536","1":"product","2":"type-product","3":"status-publish","4":"has-post-thumbnail","6":"product_cat-vending-machine","8":"first","9":"instock","10":"shipping-taxable","11":"product-type-external"},"yoast_head":"<!-- This site is optimized with the Yoast SEO Premium plugin v20.5 (Yoast SEO v26.9) - https:\/\/yoast.com\/product\/yoast-seo-premium-wordpress\/ -->\n<title>9Hole Key Master - Guangzhou Divine Technology Co., Ltd.<\/title>\n<meta name=\"robots\" content=\"index, follow, max-snippet:-1, max-image-preview:large, max-video-preview:-1\" \/>\n<link rel=\"canonical\" href=\"https:\/\/gzdivine.com\/es\/producto\/9hole-key-master\/\" \/>\n<meta property=\"og:locale\" content=\"es_ES\" \/>\n<meta property=\"og:type\" content=\"article\" \/>\n<meta property=\"og:title\" content=\"9Hole Key Master\" \/>\n<meta property=\"og:description\" content=\"Feature\uff1a 1.The key master game machineis Self-developed with steady performance, sticker and program.can be made especially for customers. 2. The machine is easily controlled with LCD screen and mini keyboard, visual adjustable function. 3. Prize pay out rate for each partition is adjustable. 4.Support ODM\/OEM.\" \/>\n<meta property=\"og:url\" content=\"https:\/\/gzdivine.com\/es\/producto\/9hole-key-master\/\" \/>\n<meta property=\"og:site_name\" content=\"Guangzhou Divine Technology Co., Ltd.\" \/>\n<meta property=\"article:modified_time\" content=\"2025-01-08T03:28:48+00:00\" \/>\n<meta property=\"og:image\" content=\"https:\/\/gzdivine.com\/wp-content\/uploads\/2024\/12\/2-6.png\" \/>\n\t<meta property=\"og:image:width\" content=\"750\" \/>\n\t<meta property=\"og:image:height\" content=\"750\" \/>\n\t<meta property=\"og:image:type\" content=\"image\/png\" \/>\n<meta name=\"twitter:card\" content=\"summary_large_image\" \/>\n<meta name=\"twitter:label1\" content=\"Tiempo de lectura\" \/>\n\t<meta name=\"twitter:data1\" content=\"1 minuto\" \/>\n<script type=\"application\/ld+json\" class=\"yoast-schema-graph\">{\"@context\":\"https:\/\/schema.org\",\"@graph\":[{\"@type\":\"WebPage\",\"@id\":\"https:\/\/gzdivine.com\/product\/9hole-key-master\/\",\"url\":\"https:\/\/gzdivine.com\/product\/9hole-key-master\/\",\"name\":\"9Hole Key Master - Guangzhou Divine Technology Co., Ltd.\",\"isPartOf\":{\"@id\":\"https:\/\/gzdivine.com\/#website\"},\"primaryImageOfPage\":{\"@id\":\"https:\/\/gzdivine.com\/product\/9hole-key-master\/#primaryimage\"},\"image\":{\"@id\":\"https:\/\/gzdivine.com\/product\/9hole-key-master\/#primaryimage\"},\"thumbnailUrl\":\"https:\/\/gzdivine.com\/wp-content\/uploads\/2024\/12\/2-6.png\",\"datePublished\":\"2024-12-27T07:17:25+00:00\",\"dateModified\":\"2025-01-08T03:28:48+00:00\",\"breadcrumb\":{\"@id\":\"https:\/\/gzdivine.com\/product\/9hole-key-master\/#breadcrumb\"},\"inLanguage\":\"es\",\"potentialAction\":[{\"@type\":\"ReadAction\",\"target\":[\"https:\/\/gzdivine.com\/product\/9hole-key-master\/\"]}]},{\"@type\":\"ImageObject\",\"inLanguage\":\"es\",\"@id\":\"https:\/\/gzdivine.com\/product\/9hole-key-master\/#primaryimage\",\"url\":\"https:\/\/gzdivine.com\/wp-content\/uploads\/2024\/12\/2-6.png\",\"contentUrl\":\"https:\/\/gzdivine.com\/wp-content\/uploads\/2024\/12\/2-6.png\",\"width\":750,\"height\":750},{\"@type\":\"BreadcrumbList\",\"@id\":\"https:\/\/gzdivine.com\/product\/9hole-key-master\/#breadcrumb\",\"itemListElement\":[{\"@type\":\"ListItem\",\"position\":1,\"name\":\"Home\",\"item\":\"https:\/\/gzdivine.com\/\"},{\"@type\":\"ListItem\",\"position\":2,\"name\":\"Product\",\"item\":\"https:\/\/gzdivine.com\/shop\/\"},{\"@type\":\"ListItem\",\"position\":3,\"name\":\"9Hole Key Master\"}]},{\"@type\":\"WebSite\",\"@id\":\"https:\/\/gzdivine.com\/#website\",\"url\":\"https:\/\/gzdivine.com\/\",\"name\":\"Guangzhou Divine Technology Co., Ltd.\",\"description\":\"Guangzhou Divine Technology Co., Ltd.\",\"potentialAction\":[{\"@type\":\"SearchAction\",\"target\":{\"@type\":\"EntryPoint\",\"urlTemplate\":\"https:\/\/gzdivine.com\/?s={search_term_string}\"},\"query-input\":{\"@type\":\"PropertyValueSpecification\",\"valueRequired\":true,\"valueName\":\"search_term_string\"}}],\"inLanguage\":\"es\"}]}<\/script>\n<!-- \/ Yoast SEO Premium plugin. -->","yoast_head_json":{"title":"9Hole Key Master - Guangzhou Divine Technology Co., Ltd.","robots":{"index":"index","follow":"follow","max-snippet":"max-snippet:-1","max-image-preview":"max-image-preview:large","max-video-preview":"max-video-preview:-1"},"canonical":"https:\/\/gzdivine.com\/es\/producto\/9hole-key-master\/","og_locale":"es_ES","og_type":"article","og_title":"9Hole Key Master","og_description":"Feature\uff1a 1.The key master game machineis Self-developed with steady performance, sticker and program.can be made especially for customers. 2. The machine is easily controlled with LCD screen and mini keyboard, visual adjustable function. 3. Prize pay out rate for each partition is adjustable. 4.Support ODM\/OEM.","og_url":"https:\/\/gzdivine.com\/es\/producto\/9hole-key-master\/","og_site_name":"Guangzhou Divine Technology Co., Ltd.","article_modified_time":"2025-01-08T03:28:48+00:00","og_image":[{"width":750,"height":750,"url":"https:\/\/gzdivine.com\/wp-content\/uploads\/2024\/12\/2-6.png","type":"image\/png"}],"twitter_card":"summary_large_image","twitter_misc":{"Tiempo de lectura":"1 minuto"},"schema":{"@context":"https:\/\/schema.org","@graph":[{"@type":"WebPage","@id":"https:\/\/gzdivine.com\/product\/9hole-key-master\/","url":"https:\/\/gzdivine.com\/product\/9hole-key-master\/","name":"9Hole Key Master - Guangzhou Divine Technology Co., Ltd.","isPartOf":{"@id":"https:\/\/gzdivine.com\/#website"},"primaryImageOfPage":{"@id":"https:\/\/gzdivine.com\/product\/9hole-key-master\/#primaryimage"},"image":{"@id":"https:\/\/gzdivine.com\/product\/9hole-key-master\/#primaryimage"},"thumbnailUrl":"https:\/\/gzdivine.com\/wp-content\/uploads\/2024\/12\/2-6.png","datePublished":"2024-12-27T07:17:25+00:00","dateModified":"2025-01-08T03:28:48+00:00","breadcrumb":{"@id":"https:\/\/gzdivine.com\/product\/9hole-key-master\/#breadcrumb"},"inLanguage":"es","potentialAction":[{"@type":"ReadAction","target":["https:\/\/gzdivine.com\/product\/9hole-key-master\/"]}]},{"@type":"ImageObject","inLanguage":"es","@id":"https:\/\/gzdivine.com\/product\/9hole-key-master\/#primaryimage","url":"https:\/\/gzdivine.com\/wp-content\/uploads\/2024\/12\/2-6.png","contentUrl":"https:\/\/gzdivine.com\/wp-content\/uploads\/2024\/12\/2-6.png","width":750,"height":750},{"@type":"BreadcrumbList","@id":"https:\/\/gzdivine.com\/product\/9hole-key-master\/#breadcrumb","itemListElement":[{"@type":"ListItem","position":1,"name":"Home","item":"https:\/\/gzdivine.com\/"},{"@type":"ListItem","position":2,"name":"Product","item":"https:\/\/gzdivine.com\/shop\/"},{"@type":"ListItem","position":3,"name":"9Hole Key Master"}]},{"@type":"WebSite","@id":"https:\/\/gzdivine.com\/#website","url":"https:\/\/gzdivine.com\/","name":"Guangzhou Divine Technology Co., Ltd.","description":"Guangzhou Divine Technology Co., Ltd.","potentialAction":[{"@type":"SearchAction","target":{"@type":"EntryPoint","urlTemplate":"https:\/\/gzdivine.com\/?s={search_term_string}"},"query-input":{"@type":"PropertyValueSpecification","valueRequired":true,"valueName":"search_term_string"}}],"inLanguage":"es"}]}},"_links":{"self":[{"href":"https:\/\/gzdivine.com\/es\/wp-json\/wp\/v2\/product\/536","targetHints":{"allow":["GET"]}}],"collection":[{"href":"https:\/\/gzdivine.com\/es\/wp-json\/wp\/v2\/product"}],"about":[{"href":"https:\/\/gzdivine.com\/es\/wp-json\/wp\/v2\/types\/product"}],"replies":[{"embeddable":true,"href":"https:\/\/gzdivine.com\/es\/wp-json\/wp\/v2\/comments?post=536"}],"wp:featuredmedia":[{"embeddable":true,"href":"https:\/\/gzdivine.com\/es\/wp-json\/wp\/v2\/media\/540"}],"wp:attachment":[{"href":"https:\/\/gzdivine.com\/es\/wp-json\/wp\/v2\/media?parent=536"}],"wp:term":[{"taxonomy":"product_brand","embeddable":true,"href":"https:\/\/gzdivine.com\/es\/wp-json\/wp\/v2\/product_brand?post=536"},{"taxonomy":"product_cat","embeddable":true,"href":"https:\/\/gzdivine.com\/es\/wp-json\/wp\/v2\/product_cat?post=536"},{"taxonomy":"product_tag","embeddable":true,"href":"https:\/\/gzdivine.com\/es\/wp-json\/wp\/v2\/product_tag?post=536"}],"curies":[{"name":"wp","href":"https:\/\/api.w.org\/{rel}","templated":true}]}}