{"id":551,"date":"2024-12-27T08:45:53","date_gmt":"2024-12-27T08:45:53","guid":{"rendered":"https:\/\/gzdivine.com\/?post_type=product&#038;p=551"},"modified":"2024-12-27T08:54:23","modified_gmt":"2024-12-27T08:54:23","slug":"bee-funny-4p","status":"publish","type":"product","link":"https:\/\/gzdivine.com\/es\/producto\/bee-funny-4p\/","title":{"rendered":"Abeja divertida 4P"},"content":{"rendered":"<h3><span style=\"color: #000000;\"><strong>Especificaci\u00f3n:<\/strong><\/span><\/h3>\n<h4><span style=\"color: #000000;\">\u00a0 \u00a0 \u00a0 \u00a0Potencia: 150 W<\/span><\/h4>\n<h4><span style=\"color: #000000;\">\u00a0 \u00a0 \u00a0 \u00a0Peso: 100 kg<\/span><\/h4>\n<h4><span style=\"color: #000000;\">\u00a0 \u00a0 \u00a0 \u00a0Tama\u00f1o: 600 x 700 x 1900 mm de ancho.<\/span><\/h4>","protected":false},"excerpt":{"rendered":"<h3><span style=\"color: #ffffff;\"><strong>Caracter\u00edstica:<\/strong><\/span><\/h3>\n<p><span style=\"color: #ffffff;\">1. Los jugadores seleccionan regalos en la abrazadera, <\/span><br \/>\n<span style=\"color: #ffffff;\">2. Presione el bot\u00f3n dentro del tiempo especificado y la rueda de regalo dejar\u00e1 de girar. Si toca la abrazadera, el regalo dentro de la abrazadera caer\u00e1 en la salida de regalos. <\/span><br \/>\n<span style=\"color: #ffffff;\">3. Los jugadores reciben regalos.<\/span><br \/>\n<span style=\"color: #ffffff;\">4.Compatible con ODM\/OEM<\/span><\/p>","protected":false},"featured_media":552,"comment_status":"open","ping_status":"closed","template":"","meta":{"_joinchat":[]},"product_brand":[],"product_cat":[25],"product_tag":[],"class_list":{"0":"post-551","1":"product","2":"type-product","3":"status-publish","4":"has-post-thumbnail","6":"product_cat-claw-machine","8":"first","9":"instock","10":"shipping-taxable","11":"product-type-external"},"yoast_head":"<!-- This site is optimized with the Yoast SEO Premium plugin v20.5 (Yoast SEO v26.9) - https:\/\/yoast.com\/product\/yoast-seo-premium-wordpress\/ -->\n<title>Bee Funny 4P - Guangzhou Divine Technology Co., Ltd.<\/title>\n<meta name=\"robots\" content=\"index, follow, max-snippet:-1, max-image-preview:large, max-video-preview:-1\" \/>\n<link rel=\"canonical\" href=\"https:\/\/gzdivine.com\/es\/producto\/bee-funny-4p\/\" \/>\n<meta property=\"og:locale\" content=\"es_ES\" \/>\n<meta property=\"og:type\" content=\"article\" \/>\n<meta property=\"og:title\" content=\"Bee Funny 4P\" \/>\n<meta property=\"og:description\" content=\"Feature\uff1a 1. Players select gifts on the Clamp,  2. Press the button within the specified time, and the gift wheel will stop rotating. If it touches the Clamp, the gift inside the Clamp will fall into the gift outlet,  3. Players receive gifts. 4.Support ODM\/OEM\" \/>\n<meta property=\"og:url\" content=\"https:\/\/gzdivine.com\/es\/producto\/bee-funny-4p\/\" \/>\n<meta property=\"og:site_name\" content=\"Guangzhou Divine Technology Co., Ltd.\" \/>\n<meta property=\"article:modified_time\" content=\"2024-12-27T08:54:23+00:00\" \/>\n<meta property=\"og:image\" content=\"https:\/\/gzdivine.com\/wp-content\/uploads\/2024\/12\/1-15.jpg\" \/>\n\t<meta property=\"og:image:width\" content=\"1920\" \/>\n\t<meta property=\"og:image:height\" content=\"1920\" \/>\n\t<meta property=\"og:image:type\" content=\"image\/jpeg\" \/>\n<meta name=\"twitter:card\" content=\"summary_large_image\" \/>\n<meta name=\"twitter:label1\" content=\"Tiempo de lectura\" \/>\n\t<meta name=\"twitter:data1\" content=\"1 minuto\" \/>\n<script type=\"application\/ld+json\" class=\"yoast-schema-graph\">{\"@context\":\"https:\/\/schema.org\",\"@graph\":[{\"@type\":\"WebPage\",\"@id\":\"https:\/\/gzdivine.com\/product\/bee-funny-4p\/\",\"url\":\"https:\/\/gzdivine.com\/product\/bee-funny-4p\/\",\"name\":\"Bee Funny 4P - Guangzhou Divine Technology Co., Ltd.\",\"isPartOf\":{\"@id\":\"https:\/\/gzdivine.com\/#website\"},\"primaryImageOfPage\":{\"@id\":\"https:\/\/gzdivine.com\/product\/bee-funny-4p\/#primaryimage\"},\"image\":{\"@id\":\"https:\/\/gzdivine.com\/product\/bee-funny-4p\/#primaryimage\"},\"thumbnailUrl\":\"https:\/\/gzdivine.com\/wp-content\/uploads\/2024\/12\/1-15.jpg\",\"datePublished\":\"2024-12-27T08:45:53+00:00\",\"dateModified\":\"2024-12-27T08:54:23+00:00\",\"breadcrumb\":{\"@id\":\"https:\/\/gzdivine.com\/product\/bee-funny-4p\/#breadcrumb\"},\"inLanguage\":\"es\",\"potentialAction\":[{\"@type\":\"ReadAction\",\"target\":[\"https:\/\/gzdivine.com\/product\/bee-funny-4p\/\"]}]},{\"@type\":\"ImageObject\",\"inLanguage\":\"es\",\"@id\":\"https:\/\/gzdivine.com\/product\/bee-funny-4p\/#primaryimage\",\"url\":\"https:\/\/gzdivine.com\/wp-content\/uploads\/2024\/12\/1-15.jpg\",\"contentUrl\":\"https:\/\/gzdivine.com\/wp-content\/uploads\/2024\/12\/1-15.jpg\",\"width\":1920,\"height\":1920},{\"@type\":\"BreadcrumbList\",\"@id\":\"https:\/\/gzdivine.com\/product\/bee-funny-4p\/#breadcrumb\",\"itemListElement\":[{\"@type\":\"ListItem\",\"position\":1,\"name\":\"Home\",\"item\":\"https:\/\/gzdivine.com\/\"},{\"@type\":\"ListItem\",\"position\":2,\"name\":\"Product\",\"item\":\"https:\/\/gzdivine.com\/shop\/\"},{\"@type\":\"ListItem\",\"position\":3,\"name\":\"Bee Funny 4P\"}]},{\"@type\":\"WebSite\",\"@id\":\"https:\/\/gzdivine.com\/#website\",\"url\":\"https:\/\/gzdivine.com\/\",\"name\":\"Guangzhou Divine Technology Co., Ltd.\",\"description\":\"Guangzhou Divine Technology Co., Ltd.\",\"potentialAction\":[{\"@type\":\"SearchAction\",\"target\":{\"@type\":\"EntryPoint\",\"urlTemplate\":\"https:\/\/gzdivine.com\/?s={search_term_string}\"},\"query-input\":{\"@type\":\"PropertyValueSpecification\",\"valueRequired\":true,\"valueName\":\"search_term_string\"}}],\"inLanguage\":\"es\"}]}<\/script>\n<!-- \/ Yoast SEO Premium plugin. -->","yoast_head_json":{"title":"Bee Funny 4P - Guangzhou Divine Technology Co., Ltd.","robots":{"index":"index","follow":"follow","max-snippet":"max-snippet:-1","max-image-preview":"max-image-preview:large","max-video-preview":"max-video-preview:-1"},"canonical":"https:\/\/gzdivine.com\/es\/producto\/bee-funny-4p\/","og_locale":"es_ES","og_type":"article","og_title":"Bee Funny 4P","og_description":"Feature\uff1a 1. Players select gifts on the Clamp,  2. Press the button within the specified time, and the gift wheel will stop rotating. If it touches the Clamp, the gift inside the Clamp will fall into the gift outlet,  3. Players receive gifts. 4.Support ODM\/OEM","og_url":"https:\/\/gzdivine.com\/es\/producto\/bee-funny-4p\/","og_site_name":"Guangzhou Divine Technology Co., Ltd.","article_modified_time":"2024-12-27T08:54:23+00:00","og_image":[{"width":1920,"height":1920,"url":"https:\/\/gzdivine.com\/wp-content\/uploads\/2024\/12\/1-15.jpg","type":"image\/jpeg"}],"twitter_card":"summary_large_image","twitter_misc":{"Tiempo de lectura":"1 minuto"},"schema":{"@context":"https:\/\/schema.org","@graph":[{"@type":"WebPage","@id":"https:\/\/gzdivine.com\/product\/bee-funny-4p\/","url":"https:\/\/gzdivine.com\/product\/bee-funny-4p\/","name":"Bee Funny 4P - Guangzhou Divine Technology Co., Ltd.","isPartOf":{"@id":"https:\/\/gzdivine.com\/#website"},"primaryImageOfPage":{"@id":"https:\/\/gzdivine.com\/product\/bee-funny-4p\/#primaryimage"},"image":{"@id":"https:\/\/gzdivine.com\/product\/bee-funny-4p\/#primaryimage"},"thumbnailUrl":"https:\/\/gzdivine.com\/wp-content\/uploads\/2024\/12\/1-15.jpg","datePublished":"2024-12-27T08:45:53+00:00","dateModified":"2024-12-27T08:54:23+00:00","breadcrumb":{"@id":"https:\/\/gzdivine.com\/product\/bee-funny-4p\/#breadcrumb"},"inLanguage":"es","potentialAction":[{"@type":"ReadAction","target":["https:\/\/gzdivine.com\/product\/bee-funny-4p\/"]}]},{"@type":"ImageObject","inLanguage":"es","@id":"https:\/\/gzdivine.com\/product\/bee-funny-4p\/#primaryimage","url":"https:\/\/gzdivine.com\/wp-content\/uploads\/2024\/12\/1-15.jpg","contentUrl":"https:\/\/gzdivine.com\/wp-content\/uploads\/2024\/12\/1-15.jpg","width":1920,"height":1920},{"@type":"BreadcrumbList","@id":"https:\/\/gzdivine.com\/product\/bee-funny-4p\/#breadcrumb","itemListElement":[{"@type":"ListItem","position":1,"name":"Home","item":"https:\/\/gzdivine.com\/"},{"@type":"ListItem","position":2,"name":"Product","item":"https:\/\/gzdivine.com\/shop\/"},{"@type":"ListItem","position":3,"name":"Bee Funny 4P"}]},{"@type":"WebSite","@id":"https:\/\/gzdivine.com\/#website","url":"https:\/\/gzdivine.com\/","name":"Guangzhou Divine Technology Co., Ltd.","description":"Guangzhou Divine Technology Co., Ltd.","potentialAction":[{"@type":"SearchAction","target":{"@type":"EntryPoint","urlTemplate":"https:\/\/gzdivine.com\/?s={search_term_string}"},"query-input":{"@type":"PropertyValueSpecification","valueRequired":true,"valueName":"search_term_string"}}],"inLanguage":"es"}]}},"_links":{"self":[{"href":"https:\/\/gzdivine.com\/es\/wp-json\/wp\/v2\/product\/551","targetHints":{"allow":["GET"]}}],"collection":[{"href":"https:\/\/gzdivine.com\/es\/wp-json\/wp\/v2\/product"}],"about":[{"href":"https:\/\/gzdivine.com\/es\/wp-json\/wp\/v2\/types\/product"}],"replies":[{"embeddable":true,"href":"https:\/\/gzdivine.com\/es\/wp-json\/wp\/v2\/comments?post=551"}],"wp:featuredmedia":[{"embeddable":true,"href":"https:\/\/gzdivine.com\/es\/wp-json\/wp\/v2\/media\/552"}],"wp:attachment":[{"href":"https:\/\/gzdivine.com\/es\/wp-json\/wp\/v2\/media?parent=551"}],"wp:term":[{"taxonomy":"product_brand","embeddable":true,"href":"https:\/\/gzdivine.com\/es\/wp-json\/wp\/v2\/product_brand?post=551"},{"taxonomy":"product_cat","embeddable":true,"href":"https:\/\/gzdivine.com\/es\/wp-json\/wp\/v2\/product_cat?post=551"},{"taxonomy":"product_tag","embeddable":true,"href":"https:\/\/gzdivine.com\/es\/wp-json\/wp\/v2\/product_tag?post=551"}],"curies":[{"name":"wp","href":"https:\/\/api.w.org\/{rel}","templated":true}]}}