{"id":737,"date":"2025-01-02T03:55:45","date_gmt":"2025-01-02T03:55:45","guid":{"rendered":"https:\/\/gzdivine.com\/?post_type=product&#038;p=737"},"modified":"2025-08-13T06:55:41","modified_gmt":"2025-08-13T06:55:41","slug":"customize-phone-case-printer-vending-machine","status":"publish","type":"product","link":"https:\/\/gzdivine.com\/es\/producto\/customize-phone-case-printer-vending-machine\/","title":{"rendered":"M\u00e1quina expendedora de impresoras para personalizar fundas de tel\u00e9fono"},"content":{"rendered":"<h3><span style=\"color: #000000;\"><strong>Especificaci\u00f3n:<\/strong><\/span><\/h3>\n<h4><span style=\"color: #000000;\">\u00a0 \u00a0 \u00a0 \u00a0<\/span><span style=\"color: #000000;\">Peso: 285 kg<\/span><\/h4>\n<h4><span style=\"color: #000000;\">\u00a0 \u00a0 \u00a0 \u00a0<\/span><span style=\"color: #000000;\">Tama\u00f1o: L920*W820*H1800MM<\/span><\/h4>\n<h4>\u00a0 \u00a0 \u00a0 \u00a0Potencia: 300 W<\/h4>","protected":false},"excerpt":{"rendered":"<h3><span style=\"color: #ffffff;\"><strong>F<\/strong><strong>Caracter\u00edsticas:<\/strong><\/span><\/h3>\n<p><span style=\"color: #ffffff;\">1. Funci\u00f3n de IA para embellecer im\u00e1genes<\/span><br \/>\n<span style=\"color: #ffffff;\">2. Cabezal de impresi\u00f3n UV industrial EPSON i1600U1<\/span><br \/>\n<span style=\"color: #ffffff;\">3. Tama\u00f1o peque\u00f1o pero gran capacidad interna, puede contener 770 fundas para tel\u00e9fonos m\u00f3viles.<\/span><br \/>\n<span style=\"color: #ffffff;\">4. Reposici\u00f3n r\u00e1pida del cargador de balas, lo que ahorra mano de obra.<\/span><br \/>\n<span style=\"color: #ffffff;\">5. Vista previa de impresi\u00f3n y descarga electr\u00f3nica de fotograf\u00edas<\/span><br \/>\n<span style=\"color: #ffffff;\">6. Soporte ODM\/ODM<\/span><\/p>","protected":false},"featured_media":897,"comment_status":"open","ping_status":"closed","template":"","meta":{"_joinchat":[]},"product_brand":[],"product_cat":[16,33],"product_tag":[],"class_list":{"0":"post-737","1":"product","2":"type-product","3":"status-publish","4":"has-post-thumbnail","6":"product_cat-machine","7":"product_cat-phone-case-printer-machine","9":"first","10":"instock","11":"shipping-taxable","12":"product-type-external"},"yoast_head":"<!-- This site is optimized with the Yoast SEO Premium plugin v20.5 (Yoast SEO v26.9) - https:\/\/yoast.com\/product\/yoast-seo-premium-wordpress\/ -->\n<title>Customize Phone Case Printer Vending Machine - Guangzhou Divine Technology Co., Ltd.<\/title>\n<meta name=\"robots\" content=\"index, follow, max-snippet:-1, max-image-preview:large, max-video-preview:-1\" \/>\n<link rel=\"canonical\" href=\"https:\/\/gzdivine.com\/es\/producto\/customize-phone-case-printer-vending-machine\/\" \/>\n<meta property=\"og:locale\" content=\"es_ES\" \/>\n<meta property=\"og:type\" content=\"article\" \/>\n<meta property=\"og:title\" content=\"Customize Phone Case Printer Vending Machine\" \/>\n<meta property=\"og:description\" content=\"Feature\uff1a 1. AI function image beautification 2. EPSON i1600U1 industrial UV printhead 3. Small size but large internal capacity, can hold 770 mobile phone cases 4. Quick replenishment of bullet magazine, saving labor 5. Print preview and electronic photo download 6. Support ODM\/ODM\" \/>\n<meta property=\"og:url\" content=\"https:\/\/gzdivine.com\/es\/producto\/customize-phone-case-printer-vending-machine\/\" \/>\n<meta property=\"og:site_name\" content=\"Guangzhou Divine Technology Co., Ltd.\" \/>\n<meta property=\"article:modified_time\" content=\"2025-08-13T06:55:41+00:00\" \/>\n<meta property=\"og:image\" content=\"https:\/\/gzdivine.com\/wp-content\/uploads\/2025\/01\/1-2-1.jpg\" \/>\n\t<meta property=\"og:image:width\" content=\"1000\" \/>\n\t<meta property=\"og:image:height\" content=\"1000\" \/>\n\t<meta property=\"og:image:type\" content=\"image\/jpeg\" \/>\n<meta name=\"twitter:card\" content=\"summary_large_image\" \/>\n<meta name=\"twitter:label1\" content=\"Tiempo de lectura\" \/>\n\t<meta name=\"twitter:data1\" content=\"1 minuto\" \/>\n<script type=\"application\/ld+json\" class=\"yoast-schema-graph\">{\"@context\":\"https:\/\/schema.org\",\"@graph\":[{\"@type\":\"WebPage\",\"@id\":\"https:\/\/gzdivine.com\/product\/customize-phone-case-printer-vending-machine\/\",\"url\":\"https:\/\/gzdivine.com\/product\/customize-phone-case-printer-vending-machine\/\",\"name\":\"Customize Phone Case Printer Vending Machine - Guangzhou Divine Technology Co., Ltd.\",\"isPartOf\":{\"@id\":\"https:\/\/gzdivine.com\/#website\"},\"primaryImageOfPage\":{\"@id\":\"https:\/\/gzdivine.com\/product\/customize-phone-case-printer-vending-machine\/#primaryimage\"},\"image\":{\"@id\":\"https:\/\/gzdivine.com\/product\/customize-phone-case-printer-vending-machine\/#primaryimage\"},\"thumbnailUrl\":\"https:\/\/gzdivine.com\/wp-content\/uploads\/2025\/01\/1-2-1.jpg\",\"datePublished\":\"2025-01-02T03:55:45+00:00\",\"dateModified\":\"2025-08-13T06:55:41+00:00\",\"breadcrumb\":{\"@id\":\"https:\/\/gzdivine.com\/product\/customize-phone-case-printer-vending-machine\/#breadcrumb\"},\"inLanguage\":\"es\",\"potentialAction\":[{\"@type\":\"ReadAction\",\"target\":[\"https:\/\/gzdivine.com\/product\/customize-phone-case-printer-vending-machine\/\"]}]},{\"@type\":\"ImageObject\",\"inLanguage\":\"es\",\"@id\":\"https:\/\/gzdivine.com\/product\/customize-phone-case-printer-vending-machine\/#primaryimage\",\"url\":\"https:\/\/gzdivine.com\/wp-content\/uploads\/2025\/01\/1-2-1.jpg\",\"contentUrl\":\"https:\/\/gzdivine.com\/wp-content\/uploads\/2025\/01\/1-2-1.jpg\",\"width\":1000,\"height\":1000},{\"@type\":\"BreadcrumbList\",\"@id\":\"https:\/\/gzdivine.com\/product\/customize-phone-case-printer-vending-machine\/#breadcrumb\",\"itemListElement\":[{\"@type\":\"ListItem\",\"position\":1,\"name\":\"Home\",\"item\":\"https:\/\/gzdivine.com\/\"},{\"@type\":\"ListItem\",\"position\":2,\"name\":\"Product\",\"item\":\"https:\/\/gzdivine.com\/shop\/\"},{\"@type\":\"ListItem\",\"position\":3,\"name\":\"Customize Phone Case Printer Vending Machine\"}]},{\"@type\":\"WebSite\",\"@id\":\"https:\/\/gzdivine.com\/#website\",\"url\":\"https:\/\/gzdivine.com\/\",\"name\":\"Guangzhou Divine Technology Co., Ltd.\",\"description\":\"Guangzhou Divine Technology Co., Ltd.\",\"potentialAction\":[{\"@type\":\"SearchAction\",\"target\":{\"@type\":\"EntryPoint\",\"urlTemplate\":\"https:\/\/gzdivine.com\/?s={search_term_string}\"},\"query-input\":{\"@type\":\"PropertyValueSpecification\",\"valueRequired\":true,\"valueName\":\"search_term_string\"}}],\"inLanguage\":\"es\"}]}<\/script>\n<!-- \/ Yoast SEO Premium plugin. -->","yoast_head_json":{"title":"Customize Phone Case Printer Vending Machine - Guangzhou Divine Technology Co., Ltd.","robots":{"index":"index","follow":"follow","max-snippet":"max-snippet:-1","max-image-preview":"max-image-preview:large","max-video-preview":"max-video-preview:-1"},"canonical":"https:\/\/gzdivine.com\/es\/producto\/customize-phone-case-printer-vending-machine\/","og_locale":"es_ES","og_type":"article","og_title":"Customize Phone Case Printer Vending Machine","og_description":"Feature\uff1a 1. AI function image beautification 2. EPSON i1600U1 industrial UV printhead 3. Small size but large internal capacity, can hold 770 mobile phone cases 4. Quick replenishment of bullet magazine, saving labor 5. Print preview and electronic photo download 6. Support ODM\/ODM","og_url":"https:\/\/gzdivine.com\/es\/producto\/customize-phone-case-printer-vending-machine\/","og_site_name":"Guangzhou Divine Technology Co., Ltd.","article_modified_time":"2025-08-13T06:55:41+00:00","og_image":[{"width":1000,"height":1000,"url":"https:\/\/gzdivine.com\/wp-content\/uploads\/2025\/01\/1-2-1.jpg","type":"image\/jpeg"}],"twitter_card":"summary_large_image","twitter_misc":{"Tiempo de lectura":"1 minuto"},"schema":{"@context":"https:\/\/schema.org","@graph":[{"@type":"WebPage","@id":"https:\/\/gzdivine.com\/product\/customize-phone-case-printer-vending-machine\/","url":"https:\/\/gzdivine.com\/product\/customize-phone-case-printer-vending-machine\/","name":"Customize Phone Case Printer Vending Machine - Guangzhou Divine Technology Co., Ltd.","isPartOf":{"@id":"https:\/\/gzdivine.com\/#website"},"primaryImageOfPage":{"@id":"https:\/\/gzdivine.com\/product\/customize-phone-case-printer-vending-machine\/#primaryimage"},"image":{"@id":"https:\/\/gzdivine.com\/product\/customize-phone-case-printer-vending-machine\/#primaryimage"},"thumbnailUrl":"https:\/\/gzdivine.com\/wp-content\/uploads\/2025\/01\/1-2-1.jpg","datePublished":"2025-01-02T03:55:45+00:00","dateModified":"2025-08-13T06:55:41+00:00","breadcrumb":{"@id":"https:\/\/gzdivine.com\/product\/customize-phone-case-printer-vending-machine\/#breadcrumb"},"inLanguage":"es","potentialAction":[{"@type":"ReadAction","target":["https:\/\/gzdivine.com\/product\/customize-phone-case-printer-vending-machine\/"]}]},{"@type":"ImageObject","inLanguage":"es","@id":"https:\/\/gzdivine.com\/product\/customize-phone-case-printer-vending-machine\/#primaryimage","url":"https:\/\/gzdivine.com\/wp-content\/uploads\/2025\/01\/1-2-1.jpg","contentUrl":"https:\/\/gzdivine.com\/wp-content\/uploads\/2025\/01\/1-2-1.jpg","width":1000,"height":1000},{"@type":"BreadcrumbList","@id":"https:\/\/gzdivine.com\/product\/customize-phone-case-printer-vending-machine\/#breadcrumb","itemListElement":[{"@type":"ListItem","position":1,"name":"Home","item":"https:\/\/gzdivine.com\/"},{"@type":"ListItem","position":2,"name":"Product","item":"https:\/\/gzdivine.com\/shop\/"},{"@type":"ListItem","position":3,"name":"Customize Phone Case Printer Vending Machine"}]},{"@type":"WebSite","@id":"https:\/\/gzdivine.com\/#website","url":"https:\/\/gzdivine.com\/","name":"Guangzhou Divine Technology Co., Ltd.","description":"Guangzhou Divine Technology Co., Ltd.","potentialAction":[{"@type":"SearchAction","target":{"@type":"EntryPoint","urlTemplate":"https:\/\/gzdivine.com\/?s={search_term_string}"},"query-input":{"@type":"PropertyValueSpecification","valueRequired":true,"valueName":"search_term_string"}}],"inLanguage":"es"}]}},"_links":{"self":[{"href":"https:\/\/gzdivine.com\/es\/wp-json\/wp\/v2\/product\/737","targetHints":{"allow":["GET"]}}],"collection":[{"href":"https:\/\/gzdivine.com\/es\/wp-json\/wp\/v2\/product"}],"about":[{"href":"https:\/\/gzdivine.com\/es\/wp-json\/wp\/v2\/types\/product"}],"replies":[{"embeddable":true,"href":"https:\/\/gzdivine.com\/es\/wp-json\/wp\/v2\/comments?post=737"}],"wp:featuredmedia":[{"embeddable":true,"href":"https:\/\/gzdivine.com\/es\/wp-json\/wp\/v2\/media\/897"}],"wp:attachment":[{"href":"https:\/\/gzdivine.com\/es\/wp-json\/wp\/v2\/media?parent=737"}],"wp:term":[{"taxonomy":"product_brand","embeddable":true,"href":"https:\/\/gzdivine.com\/es\/wp-json\/wp\/v2\/product_brand?post=737"},{"taxonomy":"product_cat","embeddable":true,"href":"https:\/\/gzdivine.com\/es\/wp-json\/wp\/v2\/product_cat?post=737"},{"taxonomy":"product_tag","embeddable":true,"href":"https:\/\/gzdivine.com\/es\/wp-json\/wp\/v2\/product_tag?post=737"}],"curies":[{"name":"wp","href":"https:\/\/api.w.org\/{rel}","templated":true}]}}